{"id":3928,"date":"2020-06-10T10:46:14","date_gmt":"2020-06-10T08:46:14","guid":{"rendered":"https:\/\/dev.rutarharmonika.com\/product\/fosilum-harmonika\/"},"modified":"2020-06-10T10:46:14","modified_gmt":"2020-06-10T08:46:14","slug":"fosilum-harmonika","status":"publish","type":"product","link":"https:\/\/rutarharmonika.com\/de\/product\/fosilum-harmonika\/","title":{"rendered":"RGB LED harmonika Fosilum"},"content":{"rendered":"<pre id=\"tw-target-text\" class=\"tw-data-text tw-text-large XcVN5d tw-ta\" dir=\"ltr\" data-placeholder=\"Translation\"><span lang=\"de\" style=\"font-family: georgia, palatino, serif;\">Das System wird mit Batterien betrieben und kann beim Entladen wieder aufgeladen werden. Die Beleuchtung geht an oder. Wird mit einer integrierten Taste ausgeschaltet. Au\u00dferdem wurde eine Taste hinzugef\u00fcgt, um die Beleuchtungsfarben zu \u00e4ndern und zum Mischen von Farbt\u00f6nen zu wechseln.<\/span><\/pre>\n<pre id=\"tw-target-text\" class=\"tw-data-text tw-text-large XcVN5d tw-ta\" dir=\"ltr\" data-placeholder=\"Translation\"><span style=\"font-family: georgia, palatino, serif;\"><strong><span lang=\"de\">Farbkombinationen von RGB-LED-Harmonischen<\/span><\/strong><\/span><\/pre>\n\t\t\t<style>\n                #foogallery-gallery-1774.fg-simple_portfolio {\n                    justify-content: flex-start;\n                }\n                #foogallery-gallery-1774.fg-simple_portfolio .fg-item {\n                    flex-basis: 150px;\n                    margin: 10px;\n                }\n\t\t\t<\/style>\n\t\t\t<div class=\"foogallery foogallery-container foogallery-simple_portfolio foogallery-lightbox-foobox fg-simple_portfolio fg-dark fg-shadow-outline fg-loading-default fg-loaded-fade-in fg-caption-always fg-hover-fade fg-hover-zoom fg-ready fg-caption-always\" id=\"foogallery-gallery-1774\" data-foogallery=\"{&quot;item&quot;:{&quot;showCaptionTitle&quot;:true,&quot;showCaptionDescription&quot;:true},&quot;lazy&quot;:true}\" >\n\t<div class=\"fg-item fg-type-image fg-idle\"><figure class=\"fg-item-inner\"><a href=\"https:\/\/rutarharmonika.com\/wp-content\/uploads\/2020\/06\/Diatonicna-GalaxyKristal-rumena.jpg\" data-attachment-id=\"3658\" class=\"foogallery-thumb  fg-thumb\"><span class=\"fg-image-wrap\"><img class=\"bf-img skip-lazy fg-image\" height=\"100\" width=\"150\" data-src-fg=\"https:\/\/rutarharmonika.com\/wp-content\/uploads\/cache\/2020\/06\/Diatonicna-GalaxyKristal-rumena\/1214429433.jpg\" src=\"data:image\/svg+xml,%3Csvg%20xmlns%3D%22http%3A%2F%2Fwww.w3.org%2F2000%2Fsvg%22%20width%3D%22150%22%20height%3D%22100%22%20viewBox%3D%220%200%20150%20100%22%3E%3C%2Fsvg%3E\"><\/span><span class=\"fg-image-overlay\"><\/span><\/a><figcaption class=\"fg-caption\"><div class=\"fg-caption-inner\"><\/div><\/figcaption><\/figure><div class=\"fg-loader\"><\/div><\/div><div class=\"fg-item fg-type-image fg-idle\"><figure class=\"fg-item-inner\"><a href=\"https:\/\/rutarharmonika.com\/wp-content\/uploads\/2020\/06\/Diatonicna-GalaxyKristal-zelena.jpg\" data-attachment-id=\"3661\" class=\"foogallery-thumb  fg-thumb\"><span class=\"fg-image-wrap\"><img class=\"bf-img skip-lazy fg-image\" height=\"100\" width=\"150\" data-src-fg=\"https:\/\/rutarharmonika.com\/wp-content\/uploads\/cache\/2020\/06\/Diatonicna-GalaxyKristal-zelena\/2237454734.jpg\" src=\"data:image\/svg+xml,%3Csvg%20xmlns%3D%22http%3A%2F%2Fwww.w3.org%2F2000%2Fsvg%22%20width%3D%22150%22%20height%3D%22100%22%20viewBox%3D%220%200%20150%20100%22%3E%3C%2Fsvg%3E\"><\/span><span class=\"fg-image-overlay\"><\/span><\/a><figcaption class=\"fg-caption\"><div class=\"fg-caption-inner\"><\/div><\/figcaption><\/figure><div class=\"fg-loader\"><\/div><\/div><div class=\"fg-item fg-type-image fg-idle\"><figure class=\"fg-item-inner\"><a href=\"https:\/\/rutarharmonika.com\/wp-content\/uploads\/2020\/06\/Diatonicna-GalaxyKristal-modra.jpg\" data-attachment-id=\"3664\" class=\"foogallery-thumb  fg-thumb\"><span class=\"fg-image-wrap\"><img class=\"bf-img skip-lazy fg-image\" height=\"100\" width=\"150\" data-src-fg=\"https:\/\/rutarharmonika.com\/wp-content\/uploads\/cache\/2020\/06\/Diatonicna-GalaxyKristal-modra\/769714438.jpg\" src=\"data:image\/svg+xml,%3Csvg%20xmlns%3D%22http%3A%2F%2Fwww.w3.org%2F2000%2Fsvg%22%20width%3D%22150%22%20height%3D%22100%22%20viewBox%3D%220%200%20150%20100%22%3E%3C%2Fsvg%3E\"><\/span><span class=\"fg-image-overlay\"><\/span><\/a><figcaption class=\"fg-caption\"><div class=\"fg-caption-inner\"><\/div><\/figcaption><\/figure><div class=\"fg-loader\"><\/div><\/div><div class=\"fg-item fg-type-image fg-idle\"><figure class=\"fg-item-inner\"><a href=\"https:\/\/rutarharmonika.com\/wp-content\/uploads\/2020\/06\/Diatonicna-GalaxyKristal-rdeca.jpg\" data-attachment-id=\"3667\" class=\"foogallery-thumb  fg-thumb\"><span class=\"fg-image-wrap\"><img class=\"bf-img skip-lazy fg-image\" height=\"100\" width=\"150\" data-src-fg=\"https:\/\/rutarharmonika.com\/wp-content\/uploads\/cache\/2020\/06\/Diatonicna-GalaxyKristal-rdeca\/394411178.jpg\" src=\"data:image\/svg+xml,%3Csvg%20xmlns%3D%22http%3A%2F%2Fwww.w3.org%2F2000%2Fsvg%22%20width%3D%22150%22%20height%3D%22100%22%20viewBox%3D%220%200%20150%20100%22%3E%3C%2Fsvg%3E\"><\/span><span class=\"fg-image-overlay\"><\/span><\/a><figcaption class=\"fg-caption\"><div class=\"fg-caption-inner\"><\/div><\/figcaption><\/figure><div class=\"fg-loader\"><\/div><\/div><div class=\"fg-item fg-type-image fg-idle\"><figure class=\"fg-item-inner\"><a href=\"https:\/\/rutarharmonika.com\/wp-content\/uploads\/2020\/06\/Diatonicna-GalaxyKristal-roza.jpg\" data-attachment-id=\"3670\" class=\"foogallery-thumb  fg-thumb\"><span class=\"fg-image-wrap\"><img class=\"bf-img skip-lazy fg-image\" height=\"100\" width=\"150\" data-src-fg=\"https:\/\/rutarharmonika.com\/wp-content\/uploads\/cache\/2020\/06\/Diatonicna-GalaxyKristal-roza\/28619764.jpg\" src=\"data:image\/svg+xml,%3Csvg%20xmlns%3D%22http%3A%2F%2Fwww.w3.org%2F2000%2Fsvg%22%20width%3D%22150%22%20height%3D%22100%22%20viewBox%3D%220%200%20150%20100%22%3E%3C%2Fsvg%3E\"><\/span><span class=\"fg-image-overlay\"><\/span><\/a><figcaption class=\"fg-caption\"><div class=\"fg-caption-inner\"><\/div><\/figcaption><\/figure><div class=\"fg-loader\"><\/div><\/div><\/div>\n<p><strong>\u00a0<\/strong><\/p>\n<pre id=\"tw-target-text\" class=\"tw-data-text tw-text-large XcVN5d tw-ta\" dir=\"ltr\" data-placeholder=\"Translation\"><span style=\"font-family: georgia, palatino, serif;\"><strong><span lang=\"de\">Einzelheiten<\/span><\/strong><\/span><\/pre>\n\t\t\t<style>\n                #foogallery-gallery-1778.fg-simple_portfolio {\n                    justify-content: flex-start;\n                }\n                #foogallery-gallery-1778.fg-simple_portfolio .fg-item {\n                    flex-basis: 150px;\n                    margin: 10px;\n                }\n\t\t\t<\/style>\n\t\t\t<div class=\"foogallery foogallery-container foogallery-simple_portfolio foogallery-lightbox-foobox fg-simple_portfolio fg-dark fg-shadow-outline fg-loading-default fg-loaded-fade-in fg-caption-always fg-hover-fade fg-hover-zoom fg-ready fg-caption-always\" id=\"foogallery-gallery-1778\" data-foogallery=\"{&quot;item&quot;:{&quot;showCaptionTitle&quot;:true,&quot;showCaptionDescription&quot;:true},&quot;lazy&quot;:true}\" >\n\t<div class=\"fg-item fg-type-image fg-idle\"><figure class=\"fg-item-inner\"><a href=\"https:\/\/rutarharmonika.com\/wp-content\/uploads\/2020\/06\/RGB-LED_det-01.jpg\" data-attachment-id=\"3676\" class=\"foogallery-thumb  fg-thumb\"><span class=\"fg-image-wrap\"><img class=\"bf-img skip-lazy fg-image\" height=\"100\" width=\"150\" data-src-fg=\"https:\/\/rutarharmonika.com\/wp-content\/uploads\/cache\/2020\/06\/RGB-LED_det-01\/1176024485.jpg\" src=\"data:image\/svg+xml,%3Csvg%20xmlns%3D%22http%3A%2F%2Fwww.w3.org%2F2000%2Fsvg%22%20width%3D%22150%22%20height%3D%22100%22%20viewBox%3D%220%200%20150%20100%22%3E%3C%2Fsvg%3E\"><\/span><span class=\"fg-image-overlay\"><\/span><\/a><figcaption class=\"fg-caption\"><div class=\"fg-caption-inner\"><\/div><\/figcaption><\/figure><div class=\"fg-loader\"><\/div><\/div><div class=\"fg-item fg-type-image fg-idle\"><figure class=\"fg-item-inner\"><a href=\"https:\/\/rutarharmonika.com\/wp-content\/uploads\/2020\/06\/RGB-LED_det-02.jpg\" data-attachment-id=\"3679\" class=\"foogallery-thumb  fg-thumb\"><span class=\"fg-image-wrap\"><img class=\"bf-img skip-lazy fg-image\" height=\"100\" width=\"150\" data-src-fg=\"https:\/\/rutarharmonika.com\/wp-content\/uploads\/cache\/2020\/06\/RGB-LED_det-02\/3570871187.jpg\" src=\"data:image\/svg+xml,%3Csvg%20xmlns%3D%22http%3A%2F%2Fwww.w3.org%2F2000%2Fsvg%22%20width%3D%22150%22%20height%3D%22100%22%20viewBox%3D%220%200%20150%20100%22%3E%3C%2Fsvg%3E\"><\/span><span class=\"fg-image-overlay\"><\/span><\/a><figcaption class=\"fg-caption\"><div class=\"fg-caption-inner\"><\/div><\/figcaption><\/figure><div class=\"fg-loader\"><\/div><\/div><div class=\"fg-item fg-type-image fg-idle\"><figure class=\"fg-item-inner\"><a href=\"https:\/\/rutarharmonika.com\/wp-content\/uploads\/2020\/06\/RGB-LED_det-03.jpg\" data-attachment-id=\"3682\" class=\"foogallery-thumb  fg-thumb\"><span class=\"fg-image-wrap\"><img class=\"bf-img skip-lazy fg-image\" height=\"100\" width=\"150\" data-src-fg=\"https:\/\/rutarharmonika.com\/wp-content\/uploads\/cache\/2020\/06\/RGB-LED_det-03\/2987554240.jpg\" src=\"data:image\/svg+xml,%3Csvg%20xmlns%3D%22http%3A%2F%2Fwww.w3.org%2F2000%2Fsvg%22%20width%3D%22150%22%20height%3D%22100%22%20viewBox%3D%220%200%20150%20100%22%3E%3C%2Fsvg%3E\"><\/span><span class=\"fg-image-overlay\"><\/span><\/a><figcaption class=\"fg-caption\"><div class=\"fg-caption-inner\"><\/div><\/figcaption><\/figure><div class=\"fg-loader\"><\/div><\/div><\/div>\n<p>&nbsp;<\/p>\n<pre id=\"tw-target-text\" class=\"tw-data-text tw-text-large XcVN5d tw-ta\" dir=\"ltr\" data-placeholder=\"Translation\"><strong><span lang=\"de\" style=\"font-family: georgia, palatino, serif;\">Video Pr\u00e4sentation<\/span><\/strong><\/pre>\n<div class=\"nv-iframe-embed\"><iframe title=\"RGB LED harmonika Fosilum &amp; Rutar\" width=\"1200\" height=\"900\" src=\"https:\/\/www.youtube.com\/embed\/dD0GbkOSGjk?feature=oembed\" frameborder=\"0\" allow=\"accelerometer; autoplay; encrypted-media; gyroscope; picture-in-picture\" allowfullscreen><\/iframe><\/div>\n<p><strong>\u00a0<\/strong><\/p>\n<pre id=\"tw-target-text\" class=\"tw-data-text tw-text-large XcVN5d tw-ta\" dir=\"ltr\" data-placeholder=\"Translation\"><strong><span lang=\"de\" style=\"font-family: georgia, palatino, serif;\">Weitere Informationen zum Installieren eines RGB-LED-Zubeh\u00f6rs in einem Rutar-Akkordeon erhalten Sie von:<\/span><\/strong><\/pre>\n<p><strong>FTA d.o.o.<\/strong><br \/>\nTel.: +386 (0)3 746 19 30<br \/>\nFax: +386 (0)3 746 19 37<br \/>\nCesta Leona Dobrotin\u0161ka 21A,<br \/>\n3230 \u0160entjur<br \/>\nE-mail:\u00a0<span id=\"cloak44929\"><a href=\"mailto:info@fta.si\">info@fta.si<\/a><\/span><br \/>\nInternet:\u00a0<a href=\"http:\/\/www.fta.si\/\" target=\"_blank\" rel=\"noopener noreferrer\">www.fta.si<\/a><\/p>\n<p><img class=\"alignnone size-medium wp-image-1780\" src=\"https:\/\/rutarharmonika.com\/wp-content\/uploads\/2020\/06\/fosilum-logo-300x99.jpg\" alt=\"\" width=\"300\" height=\"99\" srcset=\"https:\/\/rutarharmonika.com\/wp-content\/uploads\/2020\/06\/fosilum-logo-300x99.jpg 300w, https:\/\/rutarharmonika.com\/wp-content\/uploads\/2020\/06\/fosilum-logo-600x198.jpg 600w, https:\/\/rutarharmonika.com\/wp-content\/uploads\/2020\/06\/fosilum-logo-768x253.jpg 768w, https:\/\/rutarharmonika.com\/wp-content\/uploads\/2020\/06\/fosilum-logo.jpg 984w\" sizes=\"(max-width: 300px) 100vw, 300px\" \/><\/p>\n","protected":false},"excerpt":{"rendered":"<pre id=\"tw-target-text\" class=\"tw-data-text tw-text-large XcVN5d tw-ta\" dir=\"ltr\" data-placeholder=\"Translation\"><span lang=\"de\" style=\"font-family: georgia, palatino, serif;\"><strong>AUSSCHLIESSLICH NUR MIT ORIGINAL ROUTER AKKORDEON<\/strong>\r\n\r\nWir pr\u00e4sentieren Ihnen eine spezielle Adaption eines ma\u00dfgeschneiderten originalen RUTAR-Akkordeons mit integriertem dekorativem Fossilum RGB LED-Beleuchtungssystem.<\/span><\/pre>\n","protected":false},"featured_media":1773,"template":"","meta":{"neve_meta_sidebar":"","neve_meta_container":"","neve_meta_enable_content_width":"off","neve_meta_content_width":0,"neve_meta_title_alignment":"","neve_meta_author_avatar":"","neve_post_elements_order":"","neve_meta_disable_header":"","neve_meta_disable_footer":"","neve_meta_disable_title":""},"product_cat":[200],"product_tag":[],"_links":{"self":[{"href":"https:\/\/rutarharmonika.com\/de\/wp-json\/wp\/v2\/product\/3928"}],"collection":[{"href":"https:\/\/rutarharmonika.com\/de\/wp-json\/wp\/v2\/product"}],"about":[{"href":"https:\/\/rutarharmonika.com\/de\/wp-json\/wp\/v2\/types\/product"}],"wp:featuredmedia":[{"embeddable":true,"href":"https:\/\/rutarharmonika.com\/de\/wp-json\/wp\/v2\/media\/1773"}],"wp:attachment":[{"href":"https:\/\/rutarharmonika.com\/de\/wp-json\/wp\/v2\/media?parent=3928"}],"wp:term":[{"taxonomy":"product_cat","embeddable":true,"href":"https:\/\/rutarharmonika.com\/de\/wp-json\/wp\/v2\/product_cat?post=3928"},{"taxonomy":"product_tag","embeddable":true,"href":"https:\/\/rutarharmonika.com\/de\/wp-json\/wp\/v2\/product_tag?post=3928"}],"curies":[{"name":"wp","href":"https:\/\/api.w.org\/{rel}","templated":true}]}}